{"id":273,"date":"2025-09-30T21:28:31","date_gmt":"2025-10-01T00:28:31","guid":{"rendered":"https:\/\/www.liri.com.br\/?page_id=273"},"modified":"2026-01-29T19:09:32","modified_gmt":"2026-01-29T22:09:32","slug":"inicial","status":"publish","type":"page","link":"https:\/\/www.liri.com.br\/","title":{"rendered":""},"content":{"rendered":"<h2>Cuidamos das opera\u00e7\u00f5es de nossos clientes para que eles possam crescer, inovar e gerar impacto<\/h2>\n<p>A Liri \u00e9 uma empresa especializada em suporte administrativo para organiza\u00e7\u00f5es de diferentes setores. Nosso foco \u00e9 oferecer solu\u00e7\u00f5es pr\u00e1ticas e eficientes, cuidando da parte operacional para que nossos clientes possam direcionar sua energia ao que fazem de melhor: crescer, inovar e gerar impacto.<\/p>\n<h3>\n\t\t\t\t\t\t\tNossa Vis\u00e3o<br \/>\n\t\t\t\t\t<\/h3>\n<p>\n\t\t\t\t\t\tSimplificar rotinas para que nossos clientes cres\u00e7am com foco no que fazem de melhor.\t\t\t\t\t<\/p>\n<h3>\n\t\t\t\t\t\t\tNossa Miss\u00e3o<br \/>\n\t\t\t\t\t<\/h3>\n<p>\n\t\t\t\t\t\tOferecer suporte administrativo \u00e1gil, eficiente e confi\u00e1vel para nossos clientes.\t\t\t\t\t<\/p>\n<h3>\n\t\t\t\t\t\t\tNosso Processo<br \/>\n\t\t\t\t\t<\/h3>\n<p>\n\t\t\t\t\t\tCuidamos do back-office da sua empresa com tecnologia e pessoas, entregando organiza\u00e7\u00e3o e resultados.\t\t\t\t\t<\/p>\n","protected":false},"excerpt":{"rendered":"<p>Cuidamos das opera\u00e7\u00f5es de nossos clientes para que eles possam crescer, inovar e gerar impacto A Liri \u00e9 uma empresa especializada em suporte administrativo para organiza\u00e7\u00f5es de diferentes setores. Nosso foco \u00e9 oferecer solu\u00e7\u00f5es pr\u00e1ticas e eficientes, cuidando da parte operacional para que nossos clientes possam direcionar sua energia ao que fazem de melhor: crescer, [&hellip;]<\/p>\n","protected":false},"author":1,"featured_media":0,"parent":0,"menu_order":0,"comment_status":"closed","ping_status":"closed","template":"","meta":{"footnotes":""},"class_list":["post-273","page","type-page","status-publish","hentry"],"_links":{"self":[{"href":"https:\/\/www.liri.com.br\/index.php\/wp-json\/wp\/v2\/pages\/273","targetHints":{"allow":["GET"]}}],"collection":[{"href":"https:\/\/www.liri.com.br\/index.php\/wp-json\/wp\/v2\/pages"}],"about":[{"href":"https:\/\/www.liri.com.br\/index.php\/wp-json\/wp\/v2\/types\/page"}],"author":[{"embeddable":true,"href":"https:\/\/www.liri.com.br\/index.php\/wp-json\/wp\/v2\/users\/1"}],"replies":[{"embeddable":true,"href":"https:\/\/www.liri.com.br\/index.php\/wp-json\/wp\/v2\/comments?post=273"}],"version-history":[{"count":15,"href":"https:\/\/www.liri.com.br\/index.php\/wp-json\/wp\/v2\/pages\/273\/revisions"}],"predecessor-version":[{"id":302,"href":"https:\/\/www.liri.com.br\/index.php\/wp-json\/wp\/v2\/pages\/273\/revisions\/302"}],"wp:attachment":[{"href":"https:\/\/www.liri.com.br\/index.php\/wp-json\/wp\/v2\/media?parent=273"}],"curies":[{"name":"wp","href":"https:\/\/api.w.org\/{rel}","templated":true}]}}